{"id":285,"date":"2022-08-20T17:24:52","date_gmt":"2022-08-20T17:24:52","guid":{"rendered":"http:\/\/www.debainsaatsigorta.com\/?page_id=285"},"modified":"2024-01-06T13:06:03","modified_gmt":"2024-01-06T13:06:03","slug":"iletisim","status":"publish","type":"page","link":"http:\/\/www.debainsaatsigorta.com\/index.php\/iletisim\/","title":{"rendered":"\u0130LET\u0130\u015e\u0130M"},"content":{"rendered":"\t\t<div data-elementor-type=\"wp-page\" data-elementor-id=\"285\" class=\"elementor elementor-285\">\n\t\t\t\t\t\t\t\t\t<section class=\"elementor-section elementor-top-section elementor-element elementor-element-325b279c elementor-section-boxed elementor-section-height-default elementor-section-height-default\" data-id=\"325b279c\" data-element_type=\"section\">\n\t\t\t\t\t\t<div class=\"elementor-container elementor-column-gap-default\">\n\t\t\t\t\t<div class=\"elementor-column elementor-col-100 elementor-top-column elementor-element elementor-element-6eb76e04\" data-id=\"6eb76e04\" data-element_type=\"column\" data-settings=\"{&quot;background_background&quot;:&quot;classic&quot;}\">\n\t\t\t<div class=\"elementor-widget-wrap elementor-element-populated\">\n\t\t\t\t\t\t\t\t<div class=\"elementor-element elementor-element-51357194 elementor-widget elementor-widget-text-editor\" data-id=\"51357194\" data-element_type=\"widget\" data-widget_type=\"text-editor.default\">\n\t\t\t\t<div class=\"elementor-widget-container\">\n\t\t\t<style>\/*! elementor - v3.7.1 - 14-08-2022 *\/\n.elementor-widget-text-editor.elementor-drop-cap-view-stacked .elementor-drop-cap{background-color:#818a91;color:#fff}.elementor-widget-text-editor.elementor-drop-cap-view-framed .elementor-drop-cap{color:#818a91;border:3px solid;background-color:transparent}.elementor-widget-text-editor:not(.elementor-drop-cap-view-default) .elementor-drop-cap{margin-top:8px}.elementor-widget-text-editor:not(.elementor-drop-cap-view-default) .elementor-drop-cap-letter{width:1em;height:1em}.elementor-widget-text-editor .elementor-drop-cap{float:left;text-align:center;line-height:1;font-size:50px}.elementor-widget-text-editor .elementor-drop-cap-letter{display:inline-block}<\/style>\t\t\t\t<p><!-- wp:cover {\"useFeaturedImage\":true,\"dimRatio\":50,\"overlayColor\":\"white\",\"isDark\":false} --><\/p>\n<div class=\"wp-block-cover is-light\"><p><span aria-hidden=\"true\" class=\"wp-block-cover__background has-white-background-color has-background-dim\"><\/span><\/p>\n<div class=\"wp-block-cover__inner-container\"><p><!-- wp:heading {\"textAlign\":\"center\",\"level\":1,\"fontSize\":\"large\"} --><\/p>\n<h1 class=\"has-text-align-center has-large-font-size\">\u0130leti\u015fim Adreslerimiz<\/h1>\n<p><!-- \/wp:heading --><\/p>\n<p><!-- wp:heading {\"level\":3} --><\/p>\n<h3>S\u0130GORTA<\/h3>\n<p><!-- \/wp:heading --><\/p>\n<p><!-- wp:paragraph --><\/p>\n<p>Deba Sigorta Arac\u0131l\u0131k Hizmetleri<br>Molla Yusuf Mah. Uncal\u0131 Cad. Umut APT A Blok Kat 1 D:3 Konyaalt\u0131 Antalya<br>0 242 999 6212<br>0 544 898 9741<br>0 533 928 9161<\/p>\n<p><!-- \/wp:paragraph --><\/p>\n<p><!-- wp:heading {\"level\":3} --><\/p>\n<h3>\u0130N\u015eAAT<\/h3>\n<p><!-- \/wp:heading --><\/p>\n<p><!-- wp:paragraph --><\/p>\n<p>Deba Elektrik \u0130n\u015faat San. ve Tic. A.\u015e.<br>Molla Yusuf Mah. Uncal\u0131 Cad. Umut APT A Blok Kat 1 D:3 Konyaalt\u0131 Antalya<br>0 242 999 6212<br>0 533 928 9161<\/p>\n<p><!-- \/wp:paragraph --><\/p>\n<p><!-- wp:heading {\"level\":3} --><\/p>\n<h3>MA\u0130L<\/h3>\n<p><!-- \/wp:heading --><\/p>\n<p><!-- wp:paragraph --><\/p>\n<p>info@debainsaatsigorta.com<\/p>\n<p><!-- \/wp:paragraph --><\/p><\/div>\n<\/div>\n<p><!-- \/wp:cover --><\/p>\t\t\t\t\t\t<\/div>\n\t\t\t\t<\/div>\n\t\t\t\t\t<\/div>\n\t\t<\/div>\n\t\t\t\t\t\t\t<\/div>\n\t\t<\/section>\n\t\t\t\t\t\t\t<\/div>\n\t\t","protected":false},"excerpt":{"rendered":"","protected":false},"author":1,"featured_media":0,"parent":0,"menu_order":0,"comment_status":"closed","ping_status":"closed","template":"","meta":[],"_links":{"self":[{"href":"http:\/\/www.debainsaatsigorta.com\/index.php\/wp-json\/wp\/v2\/pages\/285"}],"collection":[{"href":"http:\/\/www.debainsaatsigorta.com\/index.php\/wp-json\/wp\/v2\/pages"}],"about":[{"href":"http:\/\/www.debainsaatsigorta.com\/index.php\/wp-json\/wp\/v2\/types\/page"}],"author":[{"embeddable":true,"href":"http:\/\/www.debainsaatsigorta.com\/index.php\/wp-json\/wp\/v2\/users\/1"}],"replies":[{"embeddable":true,"href":"http:\/\/www.debainsaatsigorta.com\/index.php\/wp-json\/wp\/v2\/comments?post=285"}],"version-history":[{"count":12,"href":"http:\/\/www.debainsaatsigorta.com\/index.php\/wp-json\/wp\/v2\/pages\/285\/revisions"}],"predecessor-version":[{"id":484,"href":"http:\/\/www.debainsaatsigorta.com\/index.php\/wp-json\/wp\/v2\/pages\/285\/revisions\/484"}],"wp:attachment":[{"href":"http:\/\/www.debainsaatsigorta.com\/index.php\/wp-json\/wp\/v2\/media?parent=285"}],"curies":[{"name":"wp","href":"https:\/\/api.w.org\/{rel}","templated":true}]}}